{"id":2088,"date":"2024-09-07T13:31:06","date_gmt":"2024-09-07T13:31:06","guid":{"rendered":"https:\/\/gt-trade.hr\/unternehmen\/"},"modified":"2026-04-08T06:44:05","modified_gmt":"2026-04-08T06:44:05","slug":"unternehmen","status":"publish","type":"page","link":"https:\/\/gt-trade.hr\/de\/unternehmen\/","title":{"rendered":"Unternehmen"},"content":{"rendered":"\t\t<div data-elementor-type=\"wp-page\" data-elementor-id=\"2088\" class=\"elementor elementor-2088 elementor-1062\" data-elementor-post-type=\"page\">\n\t\t\t\t<div class=\"elementor-element elementor-element-dbc3bfa e-flex e-con-boxed e-con e-parent\" data-id=\"dbc3bfa\" data-element_type=\"container\">\n\t\t\t\t\t<div class=\"e-con-inner\">\n\t\t<div class=\"elementor-element elementor-element-187c067 e-con-full e-flex e-con e-child\" data-id=\"187c067\" data-element_type=\"container\">\n\t\t\t\t<div class=\"elementor-element elementor-element-d859673 elementor-widget elementor-widget-text-editor\" data-id=\"d859673\" data-element_type=\"widget\" data-widget_type=\"text-editor.default\">\n\t\t\t\t<div class=\"elementor-widget-container\">\n\t\t\t\t\t\t\t\t\t<p><span lang=\"HR\">GT-HANDEL<\/span> <span lang=\"HR\">Ltd. verpflichtet sich, Arbeiten unter Einhaltung der entsprechenden internen und nationalen Normen und Vorschriften in Bezug auf Qualit\u00e4t, Umweltschutz sowie den Schutz der Gesundheit und Sicherheit der Mitarbeiter durchzuf\u00fchren. Dar\u00fcber hinaus legen wir gro\u00dfen Wert auf die kontinuierliche Abstimmung unserer Aktivit\u00e4ten mit allen gesetzlichen Vorschriften und sonstigen Anforderungen. <\/span><\/p><p><span lang=\"HR\">F\u00fcr<\/span> <span lang=\"HR\">GT TRADE<\/span> <span lang=\"HR\">d.o.o. sind die Erf\u00fcllung der Kundenanforderungen und die Einhaltung etablierter Normen im Bereich<\/span> Tiefbau, Hochhausbau, Vertretung und Verkauf von Geokunststoffen <span lang=\"HR\">,<\/span> <span lang=\"HR\">Sanierung und Bau von Abfallentsorgungsanlagen<\/span> <span lang=\"HR\">Pflichten von gr\u00f6\u00dfter Bedeutung, so z Jedes Produkt und jede Dienstleistung, Planung und Prozessmanagement erfolgen nach festgelegten Verfahren.<\/span><\/p><p><span lang=\"HR\"> <\/span><\/p><p><span lang=\"HR\">Die Beziehungen zu Kunden und Lieferanten basieren auf gegenseitigem Vertrauen und werden gepflegt, insbesondere bei der Abstimmung von Bedingungen, Spezifikationen und Anforderungen an Qualit\u00e4t und Umweltschutz sowie Gesundheit und Sicherheit der Mitarbeiter.<\/span><\/p><p><span lang=\"HR\">Es erfolgt eine st\u00e4ndige berufliche Weiterbildung der Mitarbeiter mit dem Ziel, die Qualit\u00e4t und Verantwortung f\u00fcr die Erf\u00fcllung ihrer Aufgaben, f\u00fcr sicheres Arbeiten, den Einsatz von Schutzausr\u00fcstung und einen verantwortungsvollen Umgang mit der eigenen Gesundheit und dem eigenen Fortschritt zu steigern.<\/span><\/p><p><span lang=\"HR\">Um die Qualit\u00e4t, den Umweltschutz sowie die Gesundheit und Sicherheit der Mitarbeiter st\u00e4ndig zu verbessern, werden wir neue technische und technologische L\u00f6sungen entwickeln und diese nach ihrer Einf\u00fchrung als neue Standardl\u00f6sungen akzeptieren.<\/span><\/p><p><span lang=\"HR\">GT TRADE<\/span> <span lang=\"HR\">doo unterh\u00e4lt ein Managementsystem, das die Qualit\u00e4t der geleisteten Arbeit bestimmt und st\u00e4ndig verbessert. Durch die Einf\u00fchrung und Aufrechterhaltung von Standards f\u00fcr Umweltschutz, Gesundheit und Sicherheit am Arbeitsplatz stellen wir sicher, dass wir die Umwelt im Rahmen des Geltungsbereichs so wenig wie m\u00f6glich belasten unserer Aktivit\u00e4ten und schaffen sichere Arbeitspl\u00e4tze f\u00fcr unsere Mitarbeiter.<\/span><\/p><p><span lang=\"HR\">Wir bieten umfassende Unterst\u00fctzung bei der Beratung und Beteiligung der Arbeitnehmer in allen wesentlichen Elementen des Arbeitsschutzmanagementsystems.<\/span><\/p><p><span lang=\"HR\">Besonderes Augenmerk legen wir auf die Pr\u00e4vention von Unf\u00e4llen, Verletzungen, Berufskrankheiten, Umwelt- und K\u00f6rpersch\u00e4den sowie allgemein auf die Pr\u00e4vention arbeitsbedingter Gesundheitsrisiken.<\/span><\/p><p><span lang=\"HR\"> <\/span><\/p><p><span lang=\"HR\">Die internationalen Normen ISO 9001:2015, ISO 14001:2015 und ISO 45001:2018 erfordern eine regelm\u00e4\u00dfige interne und externe \u00dcberwachung und Bewertung des Systems zur Qualit\u00e4tssicherung, zum Umweltschutz sowie zum Gesundheits- und Arbeitsschutz durch eine zur Zertifizierung autorisierte Organisation Die gewonnene Anerkennung und das Zertifikat werden wir versuchen zu bewahren und bei allen weiteren Kontrollen zu verteidigen.<\/span><\/p><p><span lang=\"HR\">Die Bewertung des Managementsystems wird mindestens einmal im Jahr durchgef\u00fchrt und geplante interne Kontrollen bilden die Grundlage f\u00fcr die Ergreifung von Korrekturma\u00dfnahmen, die Analyse von Risiken und Chancen und die st\u00e4ndige Kontrolle aller Arbeitsaktivit\u00e4ten bei der Weiterentwicklung und Verbesserung des integrierten Managements System.<\/span><\/p><p><span lang=\"HR\">Jeder Mitarbeiter kennt die Grunds\u00e4tze des Managementsystems, versteht sie und akzeptiert sie als festen Grundsatz seiner eigenen T\u00e4tigkeit.  <\/span><\/p><p><span lang=\"HR\"> <\/span><\/p><p><span lang=\"HR\">Diese Richtlinie steht allen interessierten Parteien zur Verf\u00fcgung und wird kontinuierlich \u00fcberpr\u00fcft, um sicherzustellen, dass sie weiterhin angemessen ist.<\/span><\/p>\t\t\t\t\t\t\t\t<\/div>\n\t\t\t\t<\/div>\n\t\t\t\t<\/div>\n\t\t<div class=\"elementor-element elementor-element-7814203 e-con-full e-flex e-con e-child\" data-id=\"7814203\" data-element_type=\"container\">\n\t\t\t\t<div class=\"elementor-element elementor-element-6c09d28 elementor-widget elementor-widget-heading\" data-id=\"6c09d28\" data-element_type=\"widget\" data-widget_type=\"heading.default\">\n\t\t\t\t<div class=\"elementor-widget-container\">\n\t\t\t\t\t<h3 class=\"elementor-heading-title elementor-size-default\">Zertifikate<br><br> Managementsystemrichtlinie<\/h3>\t\t\t\t<\/div>\n\t\t\t\t<\/div>\n\t\t\t\t<div class=\"elementor-element elementor-element-7a21524 elementor-arrows-position-inside elementor-pagination-position-outside elementor-widget elementor-widget-image-carousel\" data-id=\"7a21524\" data-element_type=\"widget\" data-settings=\"{&quot;slides_to_show&quot;:&quot;1&quot;,&quot;navigation&quot;:&quot;both&quot;,&quot;autoplay&quot;:&quot;yes&quot;,&quot;pause_on_hover&quot;:&quot;yes&quot;,&quot;pause_on_interaction&quot;:&quot;yes&quot;,&quot;autoplay_speed&quot;:5000,&quot;infinite&quot;:&quot;yes&quot;,&quot;effect&quot;:&quot;slide&quot;,&quot;speed&quot;:500}\" data-widget_type=\"image-carousel.default\">\n\t\t\t\t<div class=\"elementor-widget-container\">\n\t\t\t\t\t\t\t<div class=\"elementor-image-carousel-wrapper swiper\" role=\"region\" aria-roledescription=\"carousel\" aria-label=\"Vrtuljak slika\" dir=\"ltr\">\n\t\t\t<div class=\"elementor-image-carousel swiper-wrapper\" aria-live=\"off\">\n\t\t\t\t\t\t\t\t<div class=\"swiper-slide\" role=\"group\" aria-roledescription=\"slide\" aria-label=\"1 von 3\"><a data-elementor-open-lightbox=\"yes\" data-elementor-lightbox-slideshow=\"7a21524\" data-elementor-lightbox-title=\"hrv Certificate HR009965 # Item 1-9A1ASVJ_page-0001\" data-e-action-hash=\"#elementor-action%3Aaction%3Dlightbox%26settings%3DeyJpZCI6MjE4NSwidXJsIjoiaHR0cHM6XC9cL2d0LXRyYWRlLmhyXC93cC1jb250ZW50XC91cGxvYWRzXC8yMDI2XC8wNFwvaHJ2LUNlcnRpZmljYXRlLUhSMDA5OTY1LUl0ZW0tMS05QTFBU1ZKX3BhZ2UtMDAwMS5qcGciLCJzbGlkZXNob3ciOiI3YTIxNTI0In0%3D\" href=\"https:\/\/gt-trade.hr\/wp-content\/uploads\/2026\/04\/hrv-Certificate-HR009965-Item-1-9A1ASVJ_page-0001.jpg\"><figure class=\"swiper-slide-inner\"><img decoding=\"async\" class=\"swiper-slide-image\" src=\"https:\/\/gt-trade.hr\/wp-content\/uploads\/2026\/04\/hrv-Certificate-HR009965-Item-1-9A1ASVJ_page-0001.jpg\" alt=\"hrv Certificate HR009965 # Item 1-9A1ASVJ_page-0001\" \/><\/figure><\/a><\/div><div class=\"swiper-slide\" role=\"group\" aria-roledescription=\"slide\" aria-label=\"2 von 3\"><a data-elementor-open-lightbox=\"yes\" data-elementor-lightbox-slideshow=\"7a21524\" data-elementor-lightbox-title=\"9 hrv Certificate HR010518 # Item 1-9LTX5JP_page-0001\" data-e-action-hash=\"#elementor-action%3Aaction%3Dlightbox%26settings%3DeyJpZCI6MjE4OCwidXJsIjoiaHR0cHM6XC9cL2d0LXRyYWRlLmhyXC93cC1jb250ZW50XC91cGxvYWRzXC8yMDI2XC8wNFwvOS1ocnYtQ2VydGlmaWNhdGUtSFIwMTA1MTgtSXRlbS0xLTlMVFg1SlBfcGFnZS0wMDAxLmpwZyIsInNsaWRlc2hvdyI6IjdhMjE1MjQifQ%3D%3D\" href=\"https:\/\/gt-trade.hr\/wp-content\/uploads\/2026\/04\/9-hrv-Certificate-HR010518-Item-1-9LTX5JP_page-0001.jpg\"><figure class=\"swiper-slide-inner\"><img decoding=\"async\" class=\"swiper-slide-image\" src=\"https:\/\/gt-trade.hr\/wp-content\/uploads\/2026\/04\/9-hrv-Certificate-HR010518-Item-1-9LTX5JP_page-0001.jpg\" alt=\"9 hrv Certificate HR010518 # Item 1-9LTX5JP_page-0001\" \/><\/figure><\/a><\/div><div class=\"swiper-slide\" role=\"group\" aria-roledescription=\"slide\" aria-label=\"3 von 3\"><a data-elementor-open-lightbox=\"yes\" data-elementor-lightbox-slideshow=\"7a21524\" data-elementor-lightbox-title=\"14 hrv Certificate HR010519 # Item 1-9LTX5K9_page-0001\" data-e-action-hash=\"#elementor-action%3Aaction%3Dlightbox%26settings%3DeyJpZCI6MjE5MSwidXJsIjoiaHR0cHM6XC9cL2d0LXRyYWRlLmhyXC93cC1jb250ZW50XC91cGxvYWRzXC8yMDI2XC8wNFwvMTQtaHJ2LUNlcnRpZmljYXRlLUhSMDEwNTE5LUl0ZW0tMS05TFRYNUs5X3BhZ2UtMDAwMS5qcGciLCJzbGlkZXNob3ciOiI3YTIxNTI0In0%3D\" href=\"https:\/\/gt-trade.hr\/wp-content\/uploads\/2026\/04\/14-hrv-Certificate-HR010519-Item-1-9LTX5K9_page-0001.jpg\"><figure class=\"swiper-slide-inner\"><img decoding=\"async\" class=\"swiper-slide-image\" src=\"https:\/\/gt-trade.hr\/wp-content\/uploads\/2026\/04\/14-hrv-Certificate-HR010519-Item-1-9LTX5K9_page-0001.jpg\" alt=\"14 hrv Certificate HR010519 # Item 1-9LTX5K9_page-0001\" \/><\/figure><\/a><\/div>\t\t\t<\/div>\n\t\t\t\t\t\t\t\t\t\t\t\t<div class=\"elementor-swiper-button elementor-swiper-button-prev\" role=\"button\" tabindex=\"0\">\n\t\t\t\t\t\t<svg aria-hidden=\"true\" class=\"e-font-icon-svg e-eicon-chevron-left\" viewBox=\"0 0 1000 1000\" xmlns=\"http:\/\/www.w3.org\/2000\/svg\"><path d=\"M646 125C629 125 613 133 604 142L308 442C296 454 292 471 292 487 292 504 296 521 308 533L604 854C617 867 629 875 646 875 663 875 679 871 692 858 704 846 713 829 713 812 713 796 708 779 692 767L438 487 692 225C700 217 708 204 708 187 708 171 704 154 692 142 675 129 663 125 646 125Z\"><\/path><\/svg>\t\t\t\t\t<\/div>\n\t\t\t\t\t<div class=\"elementor-swiper-button elementor-swiper-button-next\" role=\"button\" tabindex=\"0\">\n\t\t\t\t\t\t<svg aria-hidden=\"true\" class=\"e-font-icon-svg e-eicon-chevron-right\" viewBox=\"0 0 1000 1000\" xmlns=\"http:\/\/www.w3.org\/2000\/svg\"><path d=\"M696 533C708 521 713 504 713 487 713 471 708 454 696 446L400 146C388 133 375 125 354 125 338 125 325 129 313 142 300 154 292 171 292 187 292 204 296 221 308 233L563 492 304 771C292 783 288 800 288 817 288 833 296 850 308 863 321 871 338 875 354 875 371 875 388 867 400 854L696 533Z\"><\/path><\/svg>\t\t\t\t\t<\/div>\n\t\t\t\t\n\t\t\t\t\t\t\t\t\t<div class=\"swiper-pagination\"><\/div>\n\t\t\t\t\t\t\t\t\t<\/div>\n\t\t\t\t\t\t<\/div>\n\t\t\t\t<\/div>\n\t\t\t\t<\/div>\n\t\t\t\t\t<\/div>\n\t\t\t\t<\/div>\n\t\t\t\t<\/div>\n\t\t","protected":false},"excerpt":{"rendered":"<p>GT-HANDEL Ltd. verpflichtet sich, Arbeiten unter Einhaltung der entsprechenden internen und nationalen Normen und Vorschriften in Bezug auf Qualit\u00e4t, Umweltschutz sowie den Schutz der Gesundheit und Sicherheit der Mitarbeiter durchzuf\u00fchren. Dar\u00fcber hinaus legen wir gro\u00dfen Wert auf die kontinuierliche Abstimmung unserer Aktivit\u00e4ten mit allen gesetzlichen Vorschriften und sonstigen Anforderungen. F\u00fcr GT TRADE d.o.o. sind die [&hellip;]<\/p>\n","protected":false},"author":1,"featured_media":0,"parent":0,"menu_order":0,"comment_status":"closed","ping_status":"closed","template":"","meta":{"site-sidebar-layout":"no-sidebar","site-content-layout":"page-builder","ast-site-content-layout":"full-width-container","site-content-style":"default","site-sidebar-style":"default","ast-global-header-display":"","ast-banner-title-visibility":"","ast-main-header-display":"","ast-hfb-above-header-display":"","ast-hfb-below-header-display":"","ast-hfb-mobile-header-display":"","site-post-title":"disabled","ast-breadcrumbs-content":"","ast-featured-img":"disabled","footer-sml-layout":"","theme-transparent-header-meta":"default","adv-header-id-meta":"","stick-header-meta":"default","header-above-stick-meta":"","header-main-stick-meta":"","header-below-stick-meta":"","astra-migrate-meta-layouts":"default","ast-page-background-enabled":"default","ast-page-background-meta":{"desktop":{"background-color":"","background-image":"","background-repeat":"repeat","background-position":"center center","background-size":"auto","background-attachment":"scroll","background-type":"","background-media":"","overlay-type":"","overlay-color":"","overlay-opacity":"","overlay-gradient":""},"tablet":{"background-color":"","background-image":"","background-repeat":"repeat","background-position":"center center","background-size":"auto","background-attachment":"scroll","background-type":"","background-media":"","overlay-type":"","overlay-color":"","overlay-opacity":"","overlay-gradient":""},"mobile":{"background-color":"","background-image":"","background-repeat":"repeat","background-position":"center center","background-size":"auto","background-attachment":"scroll","background-type":"","background-media":"","overlay-type":"","overlay-color":"","overlay-opacity":"","overlay-gradient":""}},"ast-content-background-meta":{"desktop":{"background-color":"var(--ast-global-color-5)","background-image":"","background-repeat":"repeat","background-position":"center center","background-size":"auto","background-attachment":"scroll","background-type":"","background-media":"","overlay-type":"","overlay-color":"","overlay-opacity":"","overlay-gradient":""},"tablet":{"background-color":"var(--ast-global-color-5)","background-image":"","background-repeat":"repeat","background-position":"center center","background-size":"auto","background-attachment":"scroll","background-type":"","background-media":"","overlay-type":"","overlay-color":"","overlay-opacity":"","overlay-gradient":""},"mobile":{"background-color":"var(--ast-global-color-5)","background-image":"","background-repeat":"repeat","background-position":"center center","background-size":"auto","background-attachment":"scroll","background-type":"","background-media":"","overlay-type":"","overlay-color":"","overlay-opacity":"","overlay-gradient":""}},"footnotes":""},"class_list":["post-2088","page","type-page","status-publish","hentry"],"_links":{"self":[{"href":"https:\/\/gt-trade.hr\/de\/wp-json\/wp\/v2\/pages\/2088","targetHints":{"allow":["GET"]}}],"collection":[{"href":"https:\/\/gt-trade.hr\/de\/wp-json\/wp\/v2\/pages"}],"about":[{"href":"https:\/\/gt-trade.hr\/de\/wp-json\/wp\/v2\/types\/page"}],"author":[{"embeddable":true,"href":"https:\/\/gt-trade.hr\/de\/wp-json\/wp\/v2\/users\/1"}],"replies":[{"embeddable":true,"href":"https:\/\/gt-trade.hr\/de\/wp-json\/wp\/v2\/comments?post=2088"}],"version-history":[{"count":4,"href":"https:\/\/gt-trade.hr\/de\/wp-json\/wp\/v2\/pages\/2088\/revisions"}],"predecessor-version":[{"id":2198,"href":"https:\/\/gt-trade.hr\/de\/wp-json\/wp\/v2\/pages\/2088\/revisions\/2198"}],"wp:attachment":[{"href":"https:\/\/gt-trade.hr\/de\/wp-json\/wp\/v2\/media?parent=2088"}],"curies":[{"name":"wp","href":"https:\/\/api.w.org\/{rel}","templated":true}]}}