{"id":2063,"date":"2024-09-07T14:35:00","date_gmt":"2024-09-07T14:35:00","guid":{"rendered":"https:\/\/gt-trade.hr\/eu\/"},"modified":"2024-11-19T11:35:06","modified_gmt":"2024-11-19T11:35:06","slug":"eu","status":"publish","type":"page","link":"https:\/\/gt-trade.hr\/de\/eu\/","title":{"rendered":"EU"},"content":{"rendered":"\t\t<div data-elementor-type=\"wp-page\" data-elementor-id=\"2063\" class=\"elementor elementor-2063 elementor-1094\" data-elementor-post-type=\"page\">\n\t\t\t\t<div class=\"elementor-element elementor-element-b57a763 e-flex e-con-boxed e-con e-parent\" data-id=\"b57a763\" data-element_type=\"container\">\n\t\t\t\t\t<div class=\"e-con-inner\">\n\t\t<div class=\"elementor-element elementor-element-4a02830 e-con-full e-flex e-con e-child\" data-id=\"4a02830\" data-element_type=\"container\">\n\t\t\t\t<div class=\"elementor-element elementor-element-060b395 elementor-widget elementor-widget-image\" data-id=\"060b395\" data-element_type=\"widget\" data-widget_type=\"image.default\">\n\t\t\t\t<div class=\"elementor-widget-container\">\n\t\t\t\t\t\t\t\t\t\t\t\t\t\t\t<img fetchpriority=\"high\" decoding=\"async\" width=\"1024\" height=\"223\" src=\"https:\/\/gt-trade.hr\/wp-content\/uploads\/2024\/09\/HR-Financira-Europska-unija_PANTONE-1024x223.png\" class=\"attachment-large size-large wp-image-1767\" alt=\"\" srcset=\"https:\/\/gt-trade.hr\/wp-content\/uploads\/2024\/09\/HR-Financira-Europska-unija_PANTONE-1024x223.png 1024w, https:\/\/gt-trade.hr\/wp-content\/uploads\/2024\/09\/HR-Financira-Europska-unija_PANTONE-300x65.png 300w, https:\/\/gt-trade.hr\/wp-content\/uploads\/2024\/09\/HR-Financira-Europska-unija_PANTONE-768x167.png 768w, https:\/\/gt-trade.hr\/wp-content\/uploads\/2024\/09\/HR-Financira-Europska-unija_PANTONE.png 1035w\" sizes=\"(max-width: 1024px) 100vw, 1024px\" \/>\t\t\t\t\t\t\t\t\t\t\t\t\t\t\t<\/div>\n\t\t\t\t<\/div>\n\t\t\t\t<\/div>\n\t\t<div class=\"elementor-element elementor-element-5a45fb6 e-con-full e-flex e-con e-child\" data-id=\"5a45fb6\" data-element_type=\"container\">\n\t\t\t\t<div class=\"elementor-element elementor-element-d96a26e elementor-widget elementor-widget-text-editor\" data-id=\"d96a26e\" data-element_type=\"widget\" data-widget_type=\"text-editor.default\">\n\t\t\t\t<div class=\"elementor-widget-container\">\n\t\t\t\t\t\t\t\t\t<p>Gef\u00f6rdert von der Europ\u00e4ischen Union \u2013 NextGenerationEU. Die ge\u00e4u\u00dferten Ansichten und Meinungen sind ausschlie\u00dflich die des Autors und spiegeln nicht unbedingt die offiziellen Ansichten der Europ\u00e4ischen Union oder der Europ\u00e4ischen Kommission wider. Weder die Europ\u00e4ische Union noch die Europ\u00e4ische Kommission k\u00f6nnen daf\u00fcr verantwortlich gemacht werden.<\/p>\n\t\t\t\t\t\t\t\t<\/div>\n\t\t\t\t<\/div>\n\t\t\t\t<\/div>\n\t\t<div class=\"elementor-element elementor-element-5e99dd3 e-con-full e-flex e-con e-child\" data-id=\"5e99dd3\" data-element_type=\"container\">\n\t\t\t\t<div class=\"elementor-element elementor-element-3ee8a9e elementor-widget elementor-widget-text-editor\" data-id=\"3ee8a9e\" data-element_type=\"widget\" data-widget_type=\"text-editor.default\">\n\t\t\t\t<div class=\"elementor-widget-container\">\n\t\t\t\t\t\t\t\t\t<p>Digitalisierungsgutschein, Ref.-Nr. Nummer NPOO.C1.1.2.R3-12.01-V11.0262.<\/p>\n<p>Zeitpunkt der Umsetzung ab 03.06.2024. bis 03.12.2024.  <\/p>\n<p>Mitfinanziert durch Zusch\u00fcsse in H\u00f6he von 1584,00 Euro betr\u00e4gt der Gesamtwert des Projekts 4950,00 Euro.  <\/p>\n<p>\u201eFinanziert von der Europ\u00e4ischen Union \u2013 NextGenerationEU. Die ge\u00e4u\u00dferten Ansichten und Meinungen sind ausschlie\u00dflich die des Autors und spiegeln nicht unbedingt die offiziellen Ansichten der Europ\u00e4ischen Union oder der Europ\u00e4ischen Kommission wider. Weder die Europ\u00e4ische Union noch die Europ\u00e4ische Kommission k\u00f6nnen daf\u00fcr verantwortlich gemacht werden.<\/p>\n\t\t\t\t\t\t\t\t<\/div>\n\t\t\t\t<\/div>\n\t\t\t\t<\/div>\n\t\t\t\t\t<\/div>\n\t\t\t\t<\/div>\n\t\t\t\t<\/div>\n\t\t","protected":false},"excerpt":{"rendered":"<p>Gef\u00f6rdert von der Europ\u00e4ischen Union \u2013 NextGenerationEU. Die ge\u00e4u\u00dferten Ansichten und Meinungen sind ausschlie\u00dflich die des Autors und spiegeln nicht unbedingt die offiziellen Ansichten der Europ\u00e4ischen Union oder der Europ\u00e4ischen Kommission wider. Weder die Europ\u00e4ische Union noch die Europ\u00e4ische Kommission k\u00f6nnen daf\u00fcr verantwortlich gemacht werden. Digitalisierungsgutschein, Ref.-Nr. Nummer NPOO.C1.1.2.R3-12.01-V11.0262. Zeitpunkt der Umsetzung ab 03.06.2024. bis [&hellip;]<\/p>\n","protected":false},"author":1,"featured_media":0,"parent":0,"menu_order":0,"comment_status":"closed","ping_status":"closed","template":"","meta":{"site-sidebar-layout":"no-sidebar","site-content-layout":"page-builder","ast-site-content-layout":"full-width-container","site-content-style":"default","site-sidebar-style":"default","ast-global-header-display":"","ast-banner-title-visibility":"","ast-main-header-display":"","ast-hfb-above-header-display":"","ast-hfb-below-header-display":"","ast-hfb-mobile-header-display":"","site-post-title":"disabled","ast-breadcrumbs-content":"","ast-featured-img":"disabled","footer-sml-layout":"","theme-transparent-header-meta":"default","adv-header-id-meta":"","stick-header-meta":"default","header-above-stick-meta":"","header-main-stick-meta":"","header-below-stick-meta":"","astra-migrate-meta-layouts":"default","ast-page-background-enabled":"default","ast-page-background-meta":{"desktop":{"background-color":"","background-image":"","background-repeat":"repeat","background-position":"center center","background-size":"auto","background-attachment":"scroll","background-type":"","background-media":"","overlay-type":"","overlay-color":"","overlay-opacity":"","overlay-gradient":""},"tablet":{"background-color":"","background-image":"","background-repeat":"repeat","background-position":"center center","background-size":"auto","background-attachment":"scroll","background-type":"","background-media":"","overlay-type":"","overlay-color":"","overlay-opacity":"","overlay-gradient":""},"mobile":{"background-color":"","background-image":"","background-repeat":"repeat","background-position":"center center","background-size":"auto","background-attachment":"scroll","background-type":"","background-media":"","overlay-type":"","overlay-color":"","overlay-opacity":"","overlay-gradient":""}},"ast-content-background-meta":{"desktop":{"background-color":"var(--ast-global-color-5)","background-image":"","background-repeat":"repeat","background-position":"center center","background-size":"auto","background-attachment":"scroll","background-type":"","background-media":"","overlay-type":"","overlay-color":"","overlay-opacity":"","overlay-gradient":""},"tablet":{"background-color":"var(--ast-global-color-5)","background-image":"","background-repeat":"repeat","background-position":"center center","background-size":"auto","background-attachment":"scroll","background-type":"","background-media":"","overlay-type":"","overlay-color":"","overlay-opacity":"","overlay-gradient":""},"mobile":{"background-color":"var(--ast-global-color-5)","background-image":"","background-repeat":"repeat","background-position":"center center","background-size":"auto","background-attachment":"scroll","background-type":"","background-media":"","overlay-type":"","overlay-color":"","overlay-opacity":"","overlay-gradient":""}},"footnotes":""},"class_list":["post-2063","page","type-page","status-publish","hentry"],"_links":{"self":[{"href":"https:\/\/gt-trade.hr\/de\/wp-json\/wp\/v2\/pages\/2063","targetHints":{"allow":["GET"]}}],"collection":[{"href":"https:\/\/gt-trade.hr\/de\/wp-json\/wp\/v2\/pages"}],"about":[{"href":"https:\/\/gt-trade.hr\/de\/wp-json\/wp\/v2\/types\/page"}],"author":[{"embeddable":true,"href":"https:\/\/gt-trade.hr\/de\/wp-json\/wp\/v2\/users\/1"}],"replies":[{"embeddable":true,"href":"https:\/\/gt-trade.hr\/de\/wp-json\/wp\/v2\/comments?post=2063"}],"version-history":[{"count":1,"href":"https:\/\/gt-trade.hr\/de\/wp-json\/wp\/v2\/pages\/2063\/revisions"}],"predecessor-version":[{"id":2064,"href":"https:\/\/gt-trade.hr\/de\/wp-json\/wp\/v2\/pages\/2063\/revisions\/2064"}],"wp:attachment":[{"href":"https:\/\/gt-trade.hr\/de\/wp-json\/wp\/v2\/media?parent=2063"}],"curies":[{"name":"wp","href":"https:\/\/api.w.org\/{rel}","templated":true}]}}